{"id":195,"date":"2019-04-14T21:23:48","date_gmt":"2019-04-14T19:23:48","guid":{"rendered":"http:\/\/mojagrecja.com.pl\/?page_id=195"},"modified":"2024-04-16T19:41:09","modified_gmt":"2024-04-16T17:41:09","slug":"kontakt-i-zamowienia","status":"publish","type":"page","link":"http:\/\/mojagrecja.com.pl\/index.php\/kontakt-i-zamowienia\/","title":{"rendered":"Zam\u00f3w Ksi\u0105\u017cki"},"content":{"rendered":"\t\t<div data-elementor-type=\"wp-page\" data-elementor-id=\"195\" class=\"elementor elementor-195\">\n\t\t\t\t\t\t<div class=\"elementor-inner\">\n\t\t\t\t<div class=\"elementor-section-wrap\">\n\t\t\t\t\t\t\t\t\t<section class=\"elementor-section elementor-top-section elementor-element elementor-element-453c91f elementor-section-boxed elementor-section-height-default elementor-section-height-default\" data-id=\"453c91f\" data-element_type=\"section\">\n\t\t\t\t\t\t<div class=\"elementor-container elementor-column-gap-default\">\n\t\t\t\t\t\t\t<div class=\"elementor-row\">\n\t\t\t\t\t<div class=\"elementor-column elementor-col-100 elementor-top-column elementor-element elementor-element-4daca37\" data-id=\"4daca37\" data-element_type=\"column\">\n\t\t\t<div class=\"elementor-column-wrap elementor-element-populated\">\n\t\t\t\t\t\t\t<div class=\"elementor-widget-wrap\">\n\t\t\t\t\t\t<div class=\"elementor-element elementor-element-3b0e8f7 elementor-widget elementor-widget-text-editor\" data-id=\"3b0e8f7\" data-element_type=\"widget\" data-widget_type=\"text-editor.default\">\n\t\t\t\t<div class=\"elementor-widget-container\">\n\t\t\t\t\t\t\t\t<div class=\"elementor-text-editor elementor-clearfix\">\n\t\t\t\t<p>To mo\u017cna sobie \u015bci\u0105gn\u0105\u0107 &#8222;Moj\u0105 Grecj\u0119&#8221; w formacie PDF jako ebooka. P\u0142atno\u015b\u0107 jest uznaniowa przez serwis BuyCoffee. Mo\u017cna p\u0142aci\u0107 po przeczytaniu, mo\u017cna w trakcie, albo mo\u017cna nie p\u0142aci\u0107 nic.\u00a0<\/p><p>0 z\u0142 &#8211; Uuuu ale dziadostwo, straci\u0142em czas.<\/p><p>5 z\u0142 &#8211; No niez\u0142e.<\/p><p>10 z\u0142 &#8211; Dzi\u0119ki za fajn\u0105 lektur\u0119.<\/p><p>15 z\u0142 &#8211; Dzi\u0119ki, zainspirowa\u0142e\u015b mnie do odkrywania Grecji.<\/p>\t\t\t\t\t<\/div>\n\t\t\t\t\t\t<\/div>\n\t\t\t\t<\/div>\n\t\t\t\t\t\t<\/div>\n\t\t\t\t\t<\/div>\n\t\t<\/div>\n\t\t\t\t\t\t\t\t<\/div>\n\t\t\t\t\t<\/div>\n\t\t<\/section>\n\t\t\t\t<section class=\"elementor-section elementor-top-section elementor-element elementor-element-ba9fb9a elementor-section-boxed elementor-section-height-default elementor-section-height-default\" data-id=\"ba9fb9a\" data-element_type=\"section\">\n\t\t\t\t\t\t<div class=\"elementor-container elementor-column-gap-default\">\n\t\t\t\t\t\t\t<div class=\"elementor-row\">\n\t\t\t\t\t<div class=\"elementor-column elementor-col-100 elementor-top-column elementor-element elementor-element-cd806ba\" data-id=\"cd806ba\" data-element_type=\"column\">\n\t\t\t<div class=\"elementor-column-wrap elementor-element-populated\">\n\t\t\t\t\t\t\t<div class=\"elementor-widget-wrap\">\n\t\t\t\t\t\t<section class=\"elementor-section elementor-inner-section elementor-element elementor-element-7875ba1 elementor-section-boxed elementor-section-height-default elementor-section-height-default\" data-id=\"7875ba1\" data-element_type=\"section\">\n\t\t\t\t\t\t<div class=\"elementor-container elementor-column-gap-default\">\n\t\t\t\t\t\t\t<div class=\"elementor-row\">\n\t\t\t\t\t<div class=\"elementor-column elementor-col-50 elementor-inner-column elementor-element elementor-element-7fa7ad9\" data-id=\"7fa7ad9\" data-element_type=\"column\">\n\t\t\t<div class=\"elementor-column-wrap elementor-element-populated\">\n\t\t\t\t\t\t\t<div class=\"elementor-widget-wrap\">\n\t\t\t\t\t\t<div class=\"elementor-element elementor-element-f3a5031 elementor-widget elementor-widget-image\" data-id=\"f3a5031\" data-element_type=\"widget\" data-widget_type=\"image.default\">\n\t\t\t\t<div class=\"elementor-widget-container\">\n\t\t\t\t\t\t\t\t<div class=\"elementor-image\">\n\t\t\t\t\t\t\t\t\t<figure class=\"wp-caption\">\n\t\t\t\t\t\t\t\t\t\t\t<a href=\"http:\/\/buycoffee.to\/mojagrecja\" target=\"_blank\">\n\t\t\t\t\t\t\t<img width=\"640\" height=\"336\" src=\"http:\/\/mojagrecja.com.pl\/wp-content\/uploads\/2024\/04\/default-social-media-thumbnail-creator-1024x538.png\" class=\"attachment-large size-large\" alt=\"\" loading=\"lazy\" srcset=\"http:\/\/mojagrecja.com.pl\/wp-content\/uploads\/2024\/04\/default-social-media-thumbnail-creator-1024x538.png 1024w, http:\/\/mojagrecja.com.pl\/wp-content\/uploads\/2024\/04\/default-social-media-thumbnail-creator-300x158.png 300w, http:\/\/mojagrecja.com.pl\/wp-content\/uploads\/2024\/04\/default-social-media-thumbnail-creator-768x403.png 768w, http:\/\/mojagrecja.com.pl\/wp-content\/uploads\/2024\/04\/default-social-media-thumbnail-creator-850x446.png 850w, http:\/\/mojagrecja.com.pl\/wp-content\/uploads\/2024\/04\/default-social-media-thumbnail-creator.png 1200w\" sizes=\"(max-width: 640px) 100vw, 640px\" \/>\t\t\t\t\t\t\t\t<\/a>\n\t\t\t\t\t\t\t\t\t\t\t<figcaption class=\"widget-image-caption wp-caption-text\">Tu mo\u017cna postawi\u0107 autorowi kaw\u0119<\/figcaption>\n\t\t\t\t\t\t\t\t\t\t<\/figure>\n\t\t\t\t\t\t\t\t<\/div>\n\t\t\t\t\t\t<\/div>\n\t\t\t\t<\/div>\n\t\t\t\t\t\t<\/div>\n\t\t\t\t\t<\/div>\n\t\t<\/div>\n\t\t\t\t<div class=\"elementor-column elementor-col-50 elementor-inner-column elementor-element elementor-element-c0fe8b8\" data-id=\"c0fe8b8\" data-element_type=\"column\">\n\t\t\t<div class=\"elementor-column-wrap elementor-element-populated\">\n\t\t\t\t\t\t\t<div class=\"elementor-widget-wrap\">\n\t\t\t\t\t\t<div class=\"elementor-element elementor-element-a519e86 elementor-widget elementor-widget-image\" data-id=\"a519e86\" data-element_type=\"widget\" data-widget_type=\"image.default\">\n\t\t\t\t<div class=\"elementor-widget-container\">\n\t\t\t\t\t\t\t\t<div class=\"elementor-image\">\n\t\t\t\t\t\t\t\t\t<figure class=\"wp-caption\">\n\t\t\t\t\t\t\t\t\t\t\t<a href=\"http:\/\/mojagrecja.com.pl\/wp-content\/uploads\/2024\/04\/przewodnik_gr_w_8_www-1.pdf\" target=\"_blank\">\n\t\t\t\t\t\t\t<img width=\"640\" height=\"427\" src=\"http:\/\/mojagrecja.com.pl\/wp-content\/uploads\/2019\/04\/44629777_2232013777028493_7832644248972296192_n.jpg\" class=\"attachment-large size-large\" alt=\"\" loading=\"lazy\" srcset=\"http:\/\/mojagrecja.com.pl\/wp-content\/uploads\/2019\/04\/44629777_2232013777028493_7832644248972296192_n.jpg 800w, http:\/\/mojagrecja.com.pl\/wp-content\/uploads\/2019\/04\/44629777_2232013777028493_7832644248972296192_n-300x200.jpg 300w, http:\/\/mojagrecja.com.pl\/wp-content\/uploads\/2019\/04\/44629777_2232013777028493_7832644248972296192_n-768x513.jpg 768w\" sizes=\"(max-width: 640px) 100vw, 640px\" \/>\t\t\t\t\t\t\t\t<\/a>\n\t\t\t\t\t\t\t\t\t\t\t<figcaption class=\"widget-image-caption wp-caption-text\">Tu mo\u017cna \u015bci\u0105gn\u0105\u0107 ksi\u0105\u017ck\u0119<\/figcaption>\n\t\t\t\t\t\t\t\t\t\t<\/figure>\n\t\t\t\t\t\t\t\t<\/div>\n\t\t\t\t\t\t<\/div>\n\t\t\t\t<\/div>\n\t\t\t\t\t\t<\/div>\n\t\t\t\t\t<\/div>\n\t\t<\/div>\n\t\t\t\t\t\t\t\t<\/div>\n\t\t\t\t\t<\/div>\n\t\t<\/section>\n\t\t\t\t\t\t<\/div>\n\t\t\t\t\t<\/div>\n\t\t<\/div>\n\t\t\t\t\t\t\t\t<\/div>\n\t\t\t\t\t<\/div>\n\t\t<\/section>\n\t\t\t\t<section class=\"elementor-section elementor-top-section elementor-element elementor-element-6fbc6f8 elementor-section-boxed elementor-section-height-default elementor-section-height-default\" data-id=\"6fbc6f8\" data-element_type=\"section\">\n\t\t\t\t\t\t<div class=\"elementor-container elementor-column-gap-default\">\n\t\t\t\t\t\t\t<div class=\"elementor-row\">\n\t\t\t\t\t<div class=\"elementor-column elementor-col-100 elementor-top-column elementor-element elementor-element-ad55b36\" data-id=\"ad55b36\" data-element_type=\"column\">\n\t\t\t<div class=\"elementor-column-wrap elementor-element-populated\">\n\t\t\t\t\t\t\t<div class=\"elementor-widget-wrap\">\n\t\t\t\t\t\t<div class=\"elementor-element elementor-element-0d0a839 elementor-widget elementor-widget-text-editor\" data-id=\"0d0a839\" data-element_type=\"widget\" data-widget_type=\"text-editor.default\">\n\t\t\t\t<div class=\"elementor-widget-container\">\n\t\t\t\t\t\t\t\t<div class=\"elementor-text-editor elementor-clearfix\">\n\t\t\t\t<p>Ksi\u0105\u017cki papierowe mo\u017cna naby\u0107 w ksi\u0119garni podr\u00f3\u017cniczej Bonobo w Krakowie. Ma\u0142y Rynek 4\u00a0 lub przez ich messengera. Wystarczy klikn\u0105\u0107 obrazek w kapeluszu.\u00a0<\/p><p>W Grecji jest dost\u0119pna w Atenach, Litochoro, Mykenach i w Meteorach.\u00a0<\/p>\t\t\t\t\t<\/div>\n\t\t\t\t\t\t<\/div>\n\t\t\t\t<\/div>\n\t\t\t\t<div class=\"elementor-element elementor-element-f1a1b5f elementor-widget elementor-widget-image\" data-id=\"f1a1b5f\" data-element_type=\"widget\" data-widget_type=\"image.default\">\n\t\t\t\t<div class=\"elementor-widget-container\">\n\t\t\t\t\t\t\t\t<div class=\"elementor-image\">\n\t\t\t\t\t\t\t\t\t\t\t\t<img width=\"640\" height=\"256\" src=\"http:\/\/mojagrecja.com.pl\/wp-content\/uploads\/2021\/05\/cropped-47577416_205577360365493_6277182015494160384_o-1-e1588012114611.jpg\" class=\"attachment-large size-large\" alt=\"\" loading=\"lazy\" srcset=\"http:\/\/mojagrecja.com.pl\/wp-content\/uploads\/2021\/05\/cropped-47577416_205577360365493_6277182015494160384_o-1-e1588012114611.jpg 960w, http:\/\/mojagrecja.com.pl\/wp-content\/uploads\/2021\/05\/cropped-47577416_205577360365493_6277182015494160384_o-1-e1588012114611-300x120.jpg 300w, http:\/\/mojagrecja.com.pl\/wp-content\/uploads\/2021\/05\/cropped-47577416_205577360365493_6277182015494160384_o-1-e1588012114611-768x307.jpg 768w, http:\/\/mojagrecja.com.pl\/wp-content\/uploads\/2021\/05\/cropped-47577416_205577360365493_6277182015494160384_o-1-e1588012114611-850x340.jpg 850w\" sizes=\"(max-width: 640px) 100vw, 640px\" \/>\t\t\t\t\t\t\t\t\t\t\t\t\t\t<\/div>\n\t\t\t\t\t\t<\/div>\n\t\t\t\t<\/div>\n\t\t\t\t\t\t<\/div>\n\t\t\t\t\t<\/div>\n\t\t<\/div>\n\t\t\t\t\t\t\t\t<\/div>\n\t\t\t\t\t<\/div>\n\t\t<\/section>\n\t\t\t\t<section class=\"elementor-section elementor-top-section elementor-element elementor-element-6be9a32 elementor-section-boxed elementor-section-height-default elementor-section-height-default\" data-id=\"6be9a32\" data-element_type=\"section\">\n\t\t\t\t\t\t<div class=\"elementor-container elementor-column-gap-default\">\n\t\t\t\t\t\t\t<div class=\"elementor-row\">\n\t\t\t\t\t<div class=\"elementor-column elementor-col-100 elementor-top-column elementor-element elementor-element-64d2d2e\" data-id=\"64d2d2e\" data-element_type=\"column\">\n\t\t\t<div class=\"elementor-column-wrap elementor-element-populated\">\n\t\t\t\t\t\t\t<div class=\"elementor-widget-wrap\">\n\t\t\t\t\t\t<div class=\"elementor-element elementor-element-86cf6b1 elementor-widget elementor-widget-image\" data-id=\"86cf6b1\" data-element_type=\"widget\" data-widget_type=\"image.default\">\n\t\t\t\t<div class=\"elementor-widget-container\">\n\t\t\t\t\t\t\t\t<div class=\"elementor-image\">\n\t\t\t\t\t\t\t\t\t<figure class=\"wp-caption\">\n\t\t\t\t\t\t\t\t\t\t\t<a href=\"https:\/\/www.facebook.com\/bonobopodroznicza\/\" target=\"_blank\">\n\t\t\t\t\t\t\t<img width=\"216\" height=\"233\" src=\"http:\/\/mojagrecja.com.pl\/wp-content\/uploads\/2020\/05\/pobrane.jpg\" class=\"attachment-large size-large\" alt=\"\" loading=\"lazy\" \/>\t\t\t\t\t\t\t\t<\/a>\n\t\t\t\t\t\t\t\t\t\t\t<figcaption class=\"widget-image-caption wp-caption-text\">Tu sprzedaj\u0105 ksi\u0105\u017ck\u0119<\/figcaption>\n\t\t\t\t\t\t\t\t\t\t<\/figure>\n\t\t\t\t\t\t\t\t<\/div>\n\t\t\t\t\t\t<\/div>\n\t\t\t\t<\/div>\n\t\t\t\t\t\t<\/div>\n\t\t\t\t\t<\/div>\n\t\t<\/div>\n\t\t\t\t\t\t\t\t<\/div>\n\t\t\t\t\t<\/div>\n\t\t<\/section>\n\t\t\t\t<section class=\"elementor-section elementor-top-section elementor-element elementor-element-1a5441d3 elementor-section-boxed elementor-section-height-default elementor-section-height-default\" data-id=\"1a5441d3\" data-element_type=\"section\">\n\t\t\t\t\t\t<div class=\"elementor-container elementor-column-gap-default\">\n\t\t\t\t\t\t\t<div class=\"elementor-row\">\n\t\t\t\t\t<div class=\"elementor-column elementor-col-100 elementor-top-column elementor-element elementor-element-28212749\" data-id=\"28212749\" data-element_type=\"column\">\n\t\t\t<div class=\"elementor-column-wrap elementor-element-populated\">\n\t\t\t\t\t\t\t<div class=\"elementor-widget-wrap\">\n\t\t\t\t\t\t<div class=\"elementor-element elementor-element-51cca12a elementor-widget elementor-widget-text-editor\" data-id=\"51cca12a\" data-element_type=\"widget\" data-widget_type=\"text-editor.default\">\n\t\t\t\t<div class=\"elementor-widget-container\">\n\t\t\t\t\t\t\t\t<div class=\"elementor-text-editor elementor-clearfix\">\n\t\t\t\t\t\t\t\t\t<\/div>\n\t\t\t\t\t\t<\/div>\n\t\t\t\t<\/div>\n\t\t\t\t\t\t<\/div>\n\t\t\t\t\t<\/div>\n\t\t<\/div>\n\t\t\t\t\t\t\t\t<\/div>\n\t\t\t\t\t<\/div>\n\t\t<\/section>\n\t\t\t\t<section class=\"elementor-section elementor-top-section elementor-element elementor-element-2a2f180 elementor-section-boxed elementor-section-height-default elementor-section-height-default\" data-id=\"2a2f180\" data-element_type=\"section\">\n\t\t\t\t\t\t<div class=\"elementor-container elementor-column-gap-default\">\n\t\t\t\t\t\t\t<div class=\"elementor-row\">\n\t\t\t\t\t<div class=\"elementor-column elementor-col-100 elementor-top-column elementor-element elementor-element-b4d225a\" data-id=\"b4d225a\" data-element_type=\"column\">\n\t\t\t<div class=\"elementor-column-wrap elementor-element-populated\">\n\t\t\t\t\t\t\t<div class=\"elementor-widget-wrap\">\n\t\t\t\t\t\t<div class=\"elementor-element elementor-element-504bb59 elementor-widget elementor-widget-text-editor\" data-id=\"504bb59\" data-element_type=\"widget\" data-widget_type=\"text-editor.default\">\n\t\t\t\t<div class=\"elementor-widget-container\">\n\t\t\t\t\t\t\t\t<div class=\"elementor-text-editor elementor-clearfix\">\n\t\t\t\t\t\t\t\t\t<\/div>\n\t\t\t\t\t\t<\/div>\n\t\t\t\t<\/div>\n\t\t\t\t\t\t<\/div>\n\t\t\t\t\t<\/div>\n\t\t<\/div>\n\t\t\t\t\t\t\t\t<\/div>\n\t\t\t\t\t<\/div>\n\t\t<\/section>\n\t\t\t\t\t\t\t\t\t<\/div>\n\t\t\t<\/div>\n\t\t\t\t\t<\/div>\n\t\t","protected":false},"excerpt":{"rendered":"<p>To mo\u017cna sobie \u015bci\u0105gn\u0105\u0107 &#8222;Moj\u0105 Grecj\u0119&#8221; w formacie PDF jako ebooka. P\u0142atno\u015b\u0107 jest uznaniowa przez serwis BuyCoffee. Mo\u017cna p\u0142aci\u0107 po przeczytaniu, mo\u017cna w trakcie, albo mo\u017cna nie p\u0142aci\u0107 nic.\u00a0 0 z\u0142 &#8211; Uuuu ale dziadostwo, straci\u0142em czas. 5 z\u0142 &#8211; No niez\u0142e. 10 z\u0142 &#8211; Dzi\u0119ki za fajn\u0105 lektur\u0119. 15 z\u0142 &#8211; Dzi\u0119ki, zainspirowa\u0142e\u015b mnie&#8230;<\/p>\n","protected":false},"author":1,"featured_media":0,"parent":0,"menu_order":0,"comment_status":"closed","ping_status":"closed","template":"","meta":[],"yoast_head":"<!-- This site is optimized with the Yoast SEO plugin v17.9 - https:\/\/yoast.com\/wordpress\/plugins\/seo\/ -->\n<title>Zam\u00f3w Ksi\u0105\u017cki - Moja Grecja<\/title>\n<meta name=\"robots\" content=\"index, follow, max-snippet:-1, max-image-preview:large, max-video-preview:-1\" \/>\n<link rel=\"canonical\" href=\"http:\/\/mojagrecja.com.pl\/index.php\/kontakt-i-zamowienia\/\" \/>\n<meta property=\"og:locale\" content=\"pl_PL\" \/>\n<meta property=\"og:type\" content=\"article\" \/>\n<meta property=\"og:title\" content=\"Zam\u00f3w Ksi\u0105\u017cki - Moja Grecja\" \/>\n<meta property=\"og:description\" content=\"To mo\u017cna sobie \u015bci\u0105gn\u0105\u0107 &#8222;Moj\u0105 Grecj\u0119&#8221; w formacie PDF jako ebooka. P\u0142atno\u015b\u0107 jest uznaniowa przez serwis BuyCoffee. Mo\u017cna p\u0142aci\u0107 po przeczytaniu, mo\u017cna w trakcie, albo mo\u017cna nie p\u0142aci\u0107 nic.\u00a0 0 z\u0142 &#8211; Uuuu ale dziadostwo, straci\u0142em czas. 5 z\u0142 &#8211; No niez\u0142e. 10 z\u0142 &#8211; Dzi\u0119ki za fajn\u0105 lektur\u0119. 15 z\u0142 &#8211; Dzi\u0119ki, zainspirowa\u0142e\u015b mnie...\" \/>\n<meta property=\"og:url\" content=\"http:\/\/mojagrecja.com.pl\/index.php\/kontakt-i-zamowienia\/\" \/>\n<meta property=\"og:site_name\" content=\"Moja Grecja\" \/>\n<meta property=\"article:modified_time\" content=\"2024-04-16T17:41:09+00:00\" \/>\n<meta property=\"og:image\" content=\"http:\/\/mojagrecja.com.pl\/wp-content\/uploads\/2024\/04\/default-social-media-thumbnail-creator-1024x538.png\" \/>\n<meta name=\"twitter:card\" content=\"summary_large_image\" \/>\n<meta name=\"twitter:label1\" content=\"Szacowany czas czytania\" \/>\n\t<meta name=\"twitter:data1\" content=\"2 minuty\" \/>\n<script type=\"application\/ld+json\" class=\"yoast-schema-graph\">{\"@context\":\"https:\/\/schema.org\",\"@graph\":[{\"@type\":\"WebSite\",\"@id\":\"http:\/\/mojagrecja.com.pl\/#website\",\"url\":\"http:\/\/mojagrecja.com.pl\/\",\"name\":\"Moja Grecja\",\"description\":\"Moja Grecja Christian Arnidis przwodnik historyczny po Grecji kontynentalnej\",\"potentialAction\":[{\"@type\":\"SearchAction\",\"target\":{\"@type\":\"EntryPoint\",\"urlTemplate\":\"http:\/\/mojagrecja.com.pl\/?s={search_term_string}\"},\"query-input\":\"required name=search_term_string\"}],\"inLanguage\":\"pl-PL\"},{\"@type\":\"ImageObject\",\"@id\":\"http:\/\/mojagrecja.com.pl\/index.php\/kontakt-i-zamowienia\/#primaryimage\",\"inLanguage\":\"pl-PL\",\"url\":\"http:\/\/mojagrecja.com.pl\/wp-content\/uploads\/2024\/04\/default-social-media-thumbnail-creator.png\",\"contentUrl\":\"http:\/\/mojagrecja.com.pl\/wp-content\/uploads\/2024\/04\/default-social-media-thumbnail-creator.png\",\"width\":1200,\"height\":630},{\"@type\":\"WebPage\",\"@id\":\"http:\/\/mojagrecja.com.pl\/index.php\/kontakt-i-zamowienia\/#webpage\",\"url\":\"http:\/\/mojagrecja.com.pl\/index.php\/kontakt-i-zamowienia\/\",\"name\":\"Zam\\u00f3w Ksi\\u0105\\u017cki - Moja Grecja\",\"isPartOf\":{\"@id\":\"http:\/\/mojagrecja.com.pl\/#website\"},\"primaryImageOfPage\":{\"@id\":\"http:\/\/mojagrecja.com.pl\/index.php\/kontakt-i-zamowienia\/#primaryimage\"},\"datePublished\":\"2019-04-14T19:23:48+00:00\",\"dateModified\":\"2024-04-16T17:41:09+00:00\",\"breadcrumb\":{\"@id\":\"http:\/\/mojagrecja.com.pl\/index.php\/kontakt-i-zamowienia\/#breadcrumb\"},\"inLanguage\":\"pl-PL\",\"potentialAction\":[{\"@type\":\"ReadAction\",\"target\":[\"http:\/\/mojagrecja.com.pl\/index.php\/kontakt-i-zamowienia\/\"]}]},{\"@type\":\"BreadcrumbList\",\"@id\":\"http:\/\/mojagrecja.com.pl\/index.php\/kontakt-i-zamowienia\/#breadcrumb\",\"itemListElement\":[{\"@type\":\"ListItem\",\"position\":1,\"name\":\"Strona g\\u0142\\u00f3wna\",\"item\":\"http:\/\/mojagrecja.com.pl\/\"},{\"@type\":\"ListItem\",\"position\":2,\"name\":\"Zam\\u00f3w Ksi\\u0105\\u017cki\"}]}]}<\/script>\n<!-- \/ Yoast SEO plugin. -->","yoast_head_json":{"title":"Zam\u00f3w Ksi\u0105\u017cki - Moja Grecja","robots":{"index":"index","follow":"follow","max-snippet":"max-snippet:-1","max-image-preview":"max-image-preview:large","max-video-preview":"max-video-preview:-1"},"canonical":"http:\/\/mojagrecja.com.pl\/index.php\/kontakt-i-zamowienia\/","og_locale":"pl_PL","og_type":"article","og_title":"Zam\u00f3w Ksi\u0105\u017cki - Moja Grecja","og_description":"To mo\u017cna sobie \u015bci\u0105gn\u0105\u0107 &#8222;Moj\u0105 Grecj\u0119&#8221; w formacie PDF jako ebooka. P\u0142atno\u015b\u0107 jest uznaniowa przez serwis BuyCoffee. Mo\u017cna p\u0142aci\u0107 po przeczytaniu, mo\u017cna w trakcie, albo mo\u017cna nie p\u0142aci\u0107 nic.\u00a0 0 z\u0142 &#8211; Uuuu ale dziadostwo, straci\u0142em czas. 5 z\u0142 &#8211; No niez\u0142e. 10 z\u0142 &#8211; Dzi\u0119ki za fajn\u0105 lektur\u0119. 15 z\u0142 &#8211; Dzi\u0119ki, zainspirowa\u0142e\u015b mnie...","og_url":"http:\/\/mojagrecja.com.pl\/index.php\/kontakt-i-zamowienia\/","og_site_name":"Moja Grecja","article_modified_time":"2024-04-16T17:41:09+00:00","og_image":[{"url":"http:\/\/mojagrecja.com.pl\/wp-content\/uploads\/2024\/04\/default-social-media-thumbnail-creator-1024x538.png"}],"twitter_card":"summary_large_image","twitter_misc":{"Szacowany czas czytania":"2 minuty"},"schema":{"@context":"https:\/\/schema.org","@graph":[{"@type":"WebSite","@id":"http:\/\/mojagrecja.com.pl\/#website","url":"http:\/\/mojagrecja.com.pl\/","name":"Moja Grecja","description":"Moja Grecja Christian Arnidis przwodnik historyczny po Grecji kontynentalnej","potentialAction":[{"@type":"SearchAction","target":{"@type":"EntryPoint","urlTemplate":"http:\/\/mojagrecja.com.pl\/?s={search_term_string}"},"query-input":"required name=search_term_string"}],"inLanguage":"pl-PL"},{"@type":"ImageObject","@id":"http:\/\/mojagrecja.com.pl\/index.php\/kontakt-i-zamowienia\/#primaryimage","inLanguage":"pl-PL","url":"http:\/\/mojagrecja.com.pl\/wp-content\/uploads\/2024\/04\/default-social-media-thumbnail-creator.png","contentUrl":"http:\/\/mojagrecja.com.pl\/wp-content\/uploads\/2024\/04\/default-social-media-thumbnail-creator.png","width":1200,"height":630},{"@type":"WebPage","@id":"http:\/\/mojagrecja.com.pl\/index.php\/kontakt-i-zamowienia\/#webpage","url":"http:\/\/mojagrecja.com.pl\/index.php\/kontakt-i-zamowienia\/","name":"Zam\u00f3w Ksi\u0105\u017cki - Moja Grecja","isPartOf":{"@id":"http:\/\/mojagrecja.com.pl\/#website"},"primaryImageOfPage":{"@id":"http:\/\/mojagrecja.com.pl\/index.php\/kontakt-i-zamowienia\/#primaryimage"},"datePublished":"2019-04-14T19:23:48+00:00","dateModified":"2024-04-16T17:41:09+00:00","breadcrumb":{"@id":"http:\/\/mojagrecja.com.pl\/index.php\/kontakt-i-zamowienia\/#breadcrumb"},"inLanguage":"pl-PL","potentialAction":[{"@type":"ReadAction","target":["http:\/\/mojagrecja.com.pl\/index.php\/kontakt-i-zamowienia\/"]}]},{"@type":"BreadcrumbList","@id":"http:\/\/mojagrecja.com.pl\/index.php\/kontakt-i-zamowienia\/#breadcrumb","itemListElement":[{"@type":"ListItem","position":1,"name":"Strona g\u0142\u00f3wna","item":"http:\/\/mojagrecja.com.pl\/"},{"@type":"ListItem","position":2,"name":"Zam\u00f3w Ksi\u0105\u017cki"}]}]}},"_links":{"self":[{"href":"http:\/\/mojagrecja.com.pl\/index.php\/wp-json\/wp\/v2\/pages\/195"}],"collection":[{"href":"http:\/\/mojagrecja.com.pl\/index.php\/wp-json\/wp\/v2\/pages"}],"about":[{"href":"http:\/\/mojagrecja.com.pl\/index.php\/wp-json\/wp\/v2\/types\/page"}],"author":[{"embeddable":true,"href":"http:\/\/mojagrecja.com.pl\/index.php\/wp-json\/wp\/v2\/users\/1"}],"replies":[{"embeddable":true,"href":"http:\/\/mojagrecja.com.pl\/index.php\/wp-json\/wp\/v2\/comments?post=195"}],"version-history":[{"count":57,"href":"http:\/\/mojagrecja.com.pl\/index.php\/wp-json\/wp\/v2\/pages\/195\/revisions"}],"predecessor-version":[{"id":2531,"href":"http:\/\/mojagrecja.com.pl\/index.php\/wp-json\/wp\/v2\/pages\/195\/revisions\/2531"}],"wp:attachment":[{"href":"http:\/\/mojagrecja.com.pl\/index.php\/wp-json\/wp\/v2\/media?parent=195"}],"curies":[{"name":"wp","href":"https:\/\/api.w.org\/{rel}","templated":true}]}}