{"id":2180,"date":"2024-02-10T07:10:16","date_gmt":"2024-02-10T06:10:16","guid":{"rendered":"http:\/\/mojagrecja.com.pl\/?page_id=2180"},"modified":"2025-08-08T08:03:07","modified_gmt":"2025-08-08T06:03:07","slug":"oliwy-organiczne","status":"publish","type":"page","link":"http:\/\/mojagrecja.com.pl\/index.php\/oliwy-organiczne\/","title":{"rendered":"Oliwy Organiczne"},"content":{"rendered":"\t\t<div data-elementor-type=\"wp-page\" data-elementor-id=\"2180\" class=\"elementor elementor-2180\">\n\t\t\t\t\t\t<div class=\"elementor-inner\">\n\t\t\t\t<div class=\"elementor-section-wrap\">\n\t\t\t\t\t\t\t\t\t<section class=\"elementor-section elementor-top-section elementor-element elementor-element-423684a elementor-section-boxed elementor-section-height-default elementor-section-height-default\" data-id=\"423684a\" data-element_type=\"section\">\n\t\t\t\t\t\t<div class=\"elementor-container elementor-column-gap-default\">\n\t\t\t\t\t\t\t<div class=\"elementor-row\">\n\t\t\t\t\t<div class=\"elementor-column elementor-col-100 elementor-top-column elementor-element elementor-element-c0d1ead\" data-id=\"c0d1ead\" data-element_type=\"column\">\n\t\t\t<div class=\"elementor-column-wrap elementor-element-populated\">\n\t\t\t\t\t\t\t<div class=\"elementor-widget-wrap\">\n\t\t\t\t\t\t<div class=\"elementor-element elementor-element-86ead20 elementor-widget elementor-widget-text-editor\" data-id=\"86ead20\" data-element_type=\"widget\" data-widget_type=\"text-editor.default\">\n\t\t\t\t<div class=\"elementor-widget-container\">\n\t\t\t\t\t\t\t\t<div class=\"elementor-text-editor elementor-clearfix\">\n\t\t\t\t<p>Szczep Manaki, to jeden z zachowanych szczep\u00f3w pierwotnych, wywodz\u0105cych si\u0119 jeszcze ze staro\u017cytno\u015bci. Du\u017ca odporno\u015b\u0107 na susz\u0119, choroby i trudne warunki glebowe powodowa\u0142y, \u017ce szczep Manaki by\u0142 uprawiany nim spopularyzowano nowoczesne techniki rolnicze. W Grecji oliwa Manaki jest nazywana s\u0142odk\u0105, gdy\u017c \u0142\u0105czy w sobie nut\u0119 \u015bwie\u017cych owoc\u00f3w i zi\u00f3\u0142 z lekk\u0105 pikantno\u015bci\u0105. Ma wyrazisty, aksamitny ale zarazem \u0142agodny smak, kt\u00f3ry pozytywnie zaskakuje tych, kt\u00f3rzy pr\u00f3buj\u0105 jej po raz pierwszy. Oliwa z oliwek Manaki jest ceniona nie tylko za smak, ale r\u00f3wnie\u017c za swoje w\u0142a\u015bciwo\u015bci zdrowotne. Jest bogata w jednonienasycone kwasy t\u0142uszczowe, przeciwutleniacze, w tym polifenole, oraz witaminy E i K. Te sk\u0142adniki przyczyniaj\u0105 si\u0119 do ochrony przed chorobami serca, poprawy funkcji m\u00f3zgu i zmniejszenia ryzyka przewlek\u0142ych stan\u00f3w zapalnych. Ten endemiczny szczep jest uprawiany w Koryntii, Mykenach, Epidauros i Kranidi. Na p\u00f3\u0142nocy granic\u0119 jej upraw wyznacza miejscowo\u015b\u0107 Agii Theodori powy\u017cej kt\u00f3rej, zaczyna si\u0119 obszar upraw szczepu Megaritikis, a na po\u0142udniu Argos, poni\u017cej kt\u00f3rego, natrafimy ju\u017c na szczep Koroneiki. Z uwagi na ma\u0142\u0105 produkcj\u0119, szczep Manaki nigdy nie wszed\u0142 do masowej sprzeda\u017cy, co pomog\u0142o zachowa\u0107 zar\u00f3wno tradycyjne metody upraw, jak i t\u0142oczenia. Szczep jest kultywowany na niedu\u017cych rodzinnych plantacjach, z kt\u00f3rych w\u0142a\u015bciciele pozyskuj\u0105 oliw\u0119 tak\u017ce dla swojej rodziny i znajomych co narzuca dba\u0142o\u015b\u0107 o jako\u015b\u0107 i ekologi\u0119 upraw. Oliwa Manaki jest tradycyjnie pozyskiwania w czasie procesu t\u0142oczenia na zimno, czyli w temperaturze do 27 stopni Celsjusza, co pozwala w pe\u0142ni zachowa\u0107 wszystkie witaminy i substancje o w\u0142a\u015bciwo\u015bciach zdrowotnych. Zgodnie te\u017c z kultur\u0105 regionu w kt\u00f3rym ro\u015bnie, oliwa Manaki nie jest filtrowana, a jej klarowanie nast\u0119puje w naturalnym procesie sedymentacji, podczas kt\u00f3rej osad sam opada na dno. Proces ten podobnie jak t\u0142oczenie na zimno pozwala w najwy\u017cszym stopniu zachowa\u0107 zar\u00f3wno wyj\u0105tkowy smak jak i walory zdrowotne oliwy.<\/p><p>W kuchni oliwa z oliwek Manaki jest wszechstronna, \u015bwietnie nadaje si\u0119 do sa\u0142atek, marynat, gotowanych potraw i jako dodatek do \u015bwie\u017cego pieczywa. Jej wyj\u0105tkowy smak najlepiej jest doceni\u0107, u\u017cywaj\u0105c jej jako ko\u0144cowego dodatku do potraw, aby nie traci\u0142a swoich delikatnych aromat\u00f3w pod wp\u0142ywem wysokiej temperatury.<\/p>\t\t\t\t\t<\/div>\n\t\t\t\t\t\t<\/div>\n\t\t\t\t<\/div>\n\t\t\t\t\t\t<\/div>\n\t\t\t\t\t<\/div>\n\t\t<\/div>\n\t\t\t\t\t\t\t\t<\/div>\n\t\t\t\t\t<\/div>\n\t\t<\/section>\n\t\t\t\t<section class=\"elementor-section elementor-top-section elementor-element elementor-element-ead5f61 elementor-section-boxed elementor-section-height-default elementor-section-height-default\" data-id=\"ead5f61\" data-element_type=\"section\">\n\t\t\t\t\t\t<div class=\"elementor-container elementor-column-gap-default\">\n\t\t\t\t\t\t\t<div class=\"elementor-row\">\n\t\t\t\t\t<div class=\"elementor-column elementor-col-100 elementor-top-column elementor-element elementor-element-7d6c83e\" data-id=\"7d6c83e\" data-element_type=\"column\">\n\t\t\t<div class=\"elementor-column-wrap elementor-element-populated\">\n\t\t\t\t\t\t\t<div class=\"elementor-widget-wrap\">\n\t\t\t\t\t\t<section class=\"elementor-section elementor-inner-section elementor-element elementor-element-a179ae6 elementor-section-boxed elementor-section-height-default elementor-section-height-default\" data-id=\"a179ae6\" data-element_type=\"section\">\n\t\t\t\t\t\t<div class=\"elementor-container elementor-column-gap-default\">\n\t\t\t\t\t\t\t<div class=\"elementor-row\">\n\t\t\t\t\t<div class=\"elementor-column elementor-col-50 elementor-inner-column elementor-element elementor-element-178d4b9\" data-id=\"178d4b9\" data-element_type=\"column\">\n\t\t\t<div class=\"elementor-column-wrap elementor-element-populated\">\n\t\t\t\t\t\t\t<div class=\"elementor-widget-wrap\">\n\t\t\t\t\t\t<div class=\"elementor-element elementor-element-ecd0df8 elementor-widget elementor-widget-image\" data-id=\"ecd0df8\" data-element_type=\"widget\" data-widget_type=\"image.default\">\n\t\t\t\t<div class=\"elementor-widget-container\">\n\t\t\t\t\t\t\t\t<div class=\"elementor-image\">\n\t\t\t\t\t\t\t\t\t\t\t\t<img width=\"640\" height=\"853\" src=\"http:\/\/mojagrecja.com.pl\/wp-content\/uploads\/2025\/01\/IMG_0662-768x1024.jpeg\" class=\"attachment-large size-large\" alt=\"\" loading=\"lazy\" srcset=\"http:\/\/mojagrecja.com.pl\/wp-content\/uploads\/2025\/01\/IMG_0662-768x1024.jpeg 768w, http:\/\/mojagrecja.com.pl\/wp-content\/uploads\/2025\/01\/IMG_0662-225x300.jpeg 225w, http:\/\/mojagrecja.com.pl\/wp-content\/uploads\/2025\/01\/IMG_0662-1152x1536.jpeg 1152w, http:\/\/mojagrecja.com.pl\/wp-content\/uploads\/2025\/01\/IMG_0662-1536x2048.jpeg 1536w, http:\/\/mojagrecja.com.pl\/wp-content\/uploads\/2025\/01\/IMG_0662-300x400.jpeg 300w, http:\/\/mojagrecja.com.pl\/wp-content\/uploads\/2025\/01\/IMG_0662-850x1133.jpeg 850w, http:\/\/mojagrecja.com.pl\/wp-content\/uploads\/2025\/01\/IMG_0662-scaled.jpeg 1920w\" sizes=\"(max-width: 640px) 100vw, 640px\" \/>\t\t\t\t\t\t\t\t\t\t\t\t\t\t<\/div>\n\t\t\t\t\t\t<\/div>\n\t\t\t\t<\/div>\n\t\t\t\t\t\t<\/div>\n\t\t\t\t\t<\/div>\n\t\t<\/div>\n\t\t\t\t<div class=\"elementor-column elementor-col-50 elementor-inner-column elementor-element elementor-element-da59eed\" data-id=\"da59eed\" data-element_type=\"column\">\n\t\t\t<div class=\"elementor-column-wrap elementor-element-populated\">\n\t\t\t\t\t\t\t<div class=\"elementor-widget-wrap\">\n\t\t\t\t\t\t<div class=\"elementor-element elementor-element-ca1471b elementor-widget elementor-widget-text-editor\" data-id=\"ca1471b\" data-element_type=\"widget\" data-widget_type=\"text-editor.default\">\n\t\t\t\t<div class=\"elementor-widget-container\">\n\t\t\t\t\t\t\t\t<div class=\"elementor-text-editor elementor-clearfix\">\n\t\t\t\t<p><strong>\u00a0<\/strong><\/p><p><strong>butelka szklana 0,75 l &#8211; 70 z\u0142<\/strong><\/p><p><strong>puszka\u00a0 1 L &#8211; 76 z\u0142<\/strong><\/p><p><strong>\u00a0puszka 3 L &#8211; 216 z\u0142<\/strong><\/p><p><strong>\u00a0oliwki kalamata 500 gram netto &#8211; 29 z\u0142<\/strong><\/p><p>Oliwa niefiltrowana, Extra Virgin, z pierwszego t\u0142oczenia, t\u0142oczona na zimno i niefiltrowana, co jest na puszce ! Szczep Manaki ok 90% z domieszk\u0105 Koroneiki T\u0142oczarnia rodziny Bekas w Koliaki ko\u0142o Epidauros. Plantacje z Epidauros.<\/p><p><strong>Koszt wysy\u0142ki kurierem to 18 z\u0142 od paczki.<\/strong><\/p><p><strong>W Krakowie dow\u00f3z gratis\u00a0<\/strong><\/p>\t\t\t\t\t<\/div>\n\t\t\t\t\t\t<\/div>\n\t\t\t\t<\/div>\n\t\t\t\t\t\t<\/div>\n\t\t\t\t\t<\/div>\n\t\t<\/div>\n\t\t\t\t\t\t\t\t<\/div>\n\t\t\t\t\t<\/div>\n\t\t<\/section>\n\t\t\t\t\t\t<\/div>\n\t\t\t\t\t<\/div>\n\t\t<\/div>\n\t\t\t\t\t\t\t\t<\/div>\n\t\t\t\t\t<\/div>\n\t\t<\/section>\n\t\t\t\t<section class=\"elementor-section elementor-top-section elementor-element elementor-element-6b2595b elementor-section-boxed elementor-section-height-default elementor-section-height-default\" data-id=\"6b2595b\" data-element_type=\"section\">\n\t\t\t\t\t\t<div class=\"elementor-container elementor-column-gap-default\">\n\t\t\t\t\t\t\t<div class=\"elementor-row\">\n\t\t\t\t\t<div class=\"elementor-column elementor-col-100 elementor-top-column elementor-element elementor-element-9326b82\" data-id=\"9326b82\" data-element_type=\"column\">\n\t\t\t<div class=\"elementor-column-wrap elementor-element-populated\">\n\t\t\t\t\t\t\t<div class=\"elementor-widget-wrap\">\n\t\t\t\t\t\t<section class=\"elementor-section elementor-inner-section elementor-element elementor-element-33081d9 elementor-section-boxed elementor-section-height-default elementor-section-height-default\" data-id=\"33081d9\" data-element_type=\"section\">\n\t\t\t\t\t\t<div class=\"elementor-container elementor-column-gap-default\">\n\t\t\t\t\t\t\t<div class=\"elementor-row\">\n\t\t\t\t\t<div class=\"elementor-column elementor-col-50 elementor-inner-column elementor-element elementor-element-0c04115\" data-id=\"0c04115\" data-element_type=\"column\">\n\t\t\t<div class=\"elementor-column-wrap elementor-element-populated\">\n\t\t\t\t\t\t\t<div class=\"elementor-widget-wrap\">\n\t\t\t\t\t\t<div class=\"elementor-element elementor-element-105dfca elementor-widget elementor-widget-text-editor\" data-id=\"105dfca\" data-element_type=\"widget\" data-widget_type=\"text-editor.default\">\n\t\t\t\t<div class=\"elementor-widget-container\">\n\t\t\t\t\t\t\t\t<div class=\"elementor-text-editor elementor-clearfix\">\n\t\t\t\t<p><strong>Zam\u00f3wienia<\/strong><\/p><p>Oliw\u0119 wysy\u0142amy od marca do maja, p\u00f3\u017aniej od pa\u017adziernika do grudnia.<\/p><p><span style=\"color: var( --e-global-color-text ); font-family: var( --e-global-typography-text-font-family ), Sans-serif; font-weight: var( --e-global-typography-text-font-weight );\">W Krakowie dow\u00f3z gratis<\/span><\/p><p>\u017beby zam\u00f3wi\u0107 wystarczy skontaktowa\u0107 si\u0119 przez messenger lub wys\u0142a\u0107 SMS na numer<\/p><p>+48 609 520 154<\/p>\t\t\t\t\t<\/div>\n\t\t\t\t\t\t<\/div>\n\t\t\t\t<\/div>\n\t\t\t\t\t\t<\/div>\n\t\t\t\t\t<\/div>\n\t\t<\/div>\n\t\t\t\t<div class=\"elementor-column elementor-col-50 elementor-inner-column elementor-element elementor-element-8ff32b6\" data-id=\"8ff32b6\" data-element_type=\"column\">\n\t\t\t<div class=\"elementor-column-wrap elementor-element-populated\">\n\t\t\t\t\t\t\t<div class=\"elementor-widget-wrap\">\n\t\t\t\t\t\t<div class=\"elementor-element elementor-element-d1930f7 elementor-widget elementor-widget-image\" data-id=\"d1930f7\" data-element_type=\"widget\" data-widget_type=\"image.default\">\n\t\t\t\t<div class=\"elementor-widget-container\">\n\t\t\t\t\t\t\t\t<div class=\"elementor-image\">\n\t\t\t\t\t\t\t\t\t\t\t\t<img width=\"576\" height=\"1024\" src=\"http:\/\/mojagrecja.com.pl\/wp-content\/uploads\/2024\/02\/410973182_823707149764385_5034574287823839504_n-576x1024.jpg\" class=\"attachment-large size-large\" alt=\"\" loading=\"lazy\" srcset=\"http:\/\/mojagrecja.com.pl\/wp-content\/uploads\/2024\/02\/410973182_823707149764385_5034574287823839504_n-576x1024.jpg 576w, http:\/\/mojagrecja.com.pl\/wp-content\/uploads\/2024\/02\/410973182_823707149764385_5034574287823839504_n-169x300.jpg 169w, http:\/\/mojagrecja.com.pl\/wp-content\/uploads\/2024\/02\/410973182_823707149764385_5034574287823839504_n-768x1365.jpg 768w, http:\/\/mojagrecja.com.pl\/wp-content\/uploads\/2024\/02\/410973182_823707149764385_5034574287823839504_n-864x1536.jpg 864w, http:\/\/mojagrecja.com.pl\/wp-content\/uploads\/2024\/02\/410973182_823707149764385_5034574287823839504_n-300x533.jpg 300w, http:\/\/mojagrecja.com.pl\/wp-content\/uploads\/2024\/02\/410973182_823707149764385_5034574287823839504_n-850x1511.jpg 850w, http:\/\/mojagrecja.com.pl\/wp-content\/uploads\/2024\/02\/410973182_823707149764385_5034574287823839504_n.jpg 1152w\" sizes=\"(max-width: 576px) 100vw, 576px\" \/>\t\t\t\t\t\t\t\t\t\t\t\t\t\t<\/div>\n\t\t\t\t\t\t<\/div>\n\t\t\t\t<\/div>\n\t\t\t\t\t\t<\/div>\n\t\t\t\t\t<\/div>\n\t\t<\/div>\n\t\t\t\t\t\t\t\t<\/div>\n\t\t\t\t\t<\/div>\n\t\t<\/section>\n\t\t\t\t\t\t<\/div>\n\t\t\t\t\t<\/div>\n\t\t<\/div>\n\t\t\t\t\t\t\t\t<\/div>\n\t\t\t\t\t<\/div>\n\t\t<\/section>\n\t\t\t\t\t\t\t\t\t<\/div>\n\t\t\t<\/div>\n\t\t\t\t\t<\/div>\n\t\t","protected":false},"excerpt":{"rendered":"<p>Szczep Manaki, to jeden z zachowanych szczep\u00f3w pierwotnych, wywodz\u0105cych si\u0119 jeszcze ze staro\u017cytno\u015bci. Du\u017ca odporno\u015b\u0107 na susz\u0119, choroby i trudne warunki glebowe powodowa\u0142y, \u017ce szczep Manaki by\u0142 uprawiany nim spopularyzowano nowoczesne techniki rolnicze. W Grecji oliwa Manaki jest nazywana s\u0142odk\u0105, gdy\u017c \u0142\u0105czy w sobie nut\u0119 \u015bwie\u017cych owoc\u00f3w i zi\u00f3\u0142 z lekk\u0105 pikantno\u015bci\u0105. Ma wyrazisty, aksamitny&#8230;<\/p>\n","protected":false},"author":1,"featured_media":1597,"parent":0,"menu_order":0,"comment_status":"closed","ping_status":"closed","template":"","meta":[],"yoast_head":"<!-- This site is optimized with the Yoast SEO plugin v17.9 - https:\/\/yoast.com\/wordpress\/plugins\/seo\/ -->\n<title>Oliwy Organiczne - Moja Grecja<\/title>\n<meta name=\"robots\" content=\"index, follow, max-snippet:-1, max-image-preview:large, max-video-preview:-1\" \/>\n<link rel=\"canonical\" href=\"http:\/\/mojagrecja.com.pl\/index.php\/oliwy-organiczne\/\" \/>\n<meta property=\"og:locale\" content=\"pl_PL\" \/>\n<meta property=\"og:type\" content=\"article\" \/>\n<meta property=\"og:title\" content=\"Oliwy Organiczne - Moja Grecja\" \/>\n<meta property=\"og:description\" content=\"Szczep Manaki, to jeden z zachowanych szczep\u00f3w pierwotnych, wywodz\u0105cych si\u0119 jeszcze ze staro\u017cytno\u015bci. Du\u017ca odporno\u015b\u0107 na susz\u0119, choroby i trudne warunki glebowe powodowa\u0142y, \u017ce szczep Manaki by\u0142 uprawiany nim spopularyzowano nowoczesne techniki rolnicze. W Grecji oliwa Manaki jest nazywana s\u0142odk\u0105, gdy\u017c \u0142\u0105czy w sobie nut\u0119 \u015bwie\u017cych owoc\u00f3w i zi\u00f3\u0142 z lekk\u0105 pikantno\u015bci\u0105. Ma wyrazisty, aksamitny...\" \/>\n<meta property=\"og:url\" content=\"http:\/\/mojagrecja.com.pl\/index.php\/oliwy-organiczne\/\" \/>\n<meta property=\"og:site_name\" content=\"Moja Grecja\" \/>\n<meta property=\"article:modified_time\" content=\"2025-08-08T06:03:07+00:00\" \/>\n<meta property=\"og:image\" content=\"http:\/\/mojagrecja.com.pl\/wp-content\/uploads\/2023\/03\/315375416_538793698255733_4112563638661850095_n.jpg\" \/>\n\t<meta property=\"og:image:width\" content=\"2048\" \/>\n\t<meta property=\"og:image:height\" content=\"1536\" \/>\n\t<meta property=\"og:image:type\" content=\"image\/jpeg\" \/>\n<meta name=\"twitter:card\" content=\"summary_large_image\" \/>\n<meta name=\"twitter:label1\" content=\"Szacowany czas czytania\" \/>\n\t<meta name=\"twitter:data1\" content=\"3 minuty\" \/>\n<script type=\"application\/ld+json\" class=\"yoast-schema-graph\">{\"@context\":\"https:\/\/schema.org\",\"@graph\":[{\"@type\":\"WebSite\",\"@id\":\"http:\/\/mojagrecja.com.pl\/#website\",\"url\":\"http:\/\/mojagrecja.com.pl\/\",\"name\":\"Moja Grecja\",\"description\":\"Moja Grecja Christian Arnidis przwodnik historyczny po Grecji kontynentalnej\",\"potentialAction\":[{\"@type\":\"SearchAction\",\"target\":{\"@type\":\"EntryPoint\",\"urlTemplate\":\"http:\/\/mojagrecja.com.pl\/?s={search_term_string}\"},\"query-input\":\"required name=search_term_string\"}],\"inLanguage\":\"pl-PL\"},{\"@type\":\"ImageObject\",\"@id\":\"http:\/\/mojagrecja.com.pl\/index.php\/oliwy-organiczne\/#primaryimage\",\"inLanguage\":\"pl-PL\",\"url\":\"http:\/\/mojagrecja.com.pl\/wp-content\/uploads\/2023\/03\/315375416_538793698255733_4112563638661850095_n.jpg\",\"contentUrl\":\"http:\/\/mojagrecja.com.pl\/wp-content\/uploads\/2023\/03\/315375416_538793698255733_4112563638661850095_n.jpg\",\"width\":2048,\"height\":1536},{\"@type\":\"WebPage\",\"@id\":\"http:\/\/mojagrecja.com.pl\/index.php\/oliwy-organiczne\/#webpage\",\"url\":\"http:\/\/mojagrecja.com.pl\/index.php\/oliwy-organiczne\/\",\"name\":\"Oliwy Organiczne - Moja Grecja\",\"isPartOf\":{\"@id\":\"http:\/\/mojagrecja.com.pl\/#website\"},\"primaryImageOfPage\":{\"@id\":\"http:\/\/mojagrecja.com.pl\/index.php\/oliwy-organiczne\/#primaryimage\"},\"datePublished\":\"2024-02-10T06:10:16+00:00\",\"dateModified\":\"2025-08-08T06:03:07+00:00\",\"breadcrumb\":{\"@id\":\"http:\/\/mojagrecja.com.pl\/index.php\/oliwy-organiczne\/#breadcrumb\"},\"inLanguage\":\"pl-PL\",\"potentialAction\":[{\"@type\":\"ReadAction\",\"target\":[\"http:\/\/mojagrecja.com.pl\/index.php\/oliwy-organiczne\/\"]}]},{\"@type\":\"BreadcrumbList\",\"@id\":\"http:\/\/mojagrecja.com.pl\/index.php\/oliwy-organiczne\/#breadcrumb\",\"itemListElement\":[{\"@type\":\"ListItem\",\"position\":1,\"name\":\"Strona g\\u0142\\u00f3wna\",\"item\":\"http:\/\/mojagrecja.com.pl\/\"},{\"@type\":\"ListItem\",\"position\":2,\"name\":\"Oliwy Organiczne\"}]}]}<\/script>\n<!-- \/ Yoast SEO plugin. -->","yoast_head_json":{"title":"Oliwy Organiczne - Moja Grecja","robots":{"index":"index","follow":"follow","max-snippet":"max-snippet:-1","max-image-preview":"max-image-preview:large","max-video-preview":"max-video-preview:-1"},"canonical":"http:\/\/mojagrecja.com.pl\/index.php\/oliwy-organiczne\/","og_locale":"pl_PL","og_type":"article","og_title":"Oliwy Organiczne - Moja Grecja","og_description":"Szczep Manaki, to jeden z zachowanych szczep\u00f3w pierwotnych, wywodz\u0105cych si\u0119 jeszcze ze staro\u017cytno\u015bci. Du\u017ca odporno\u015b\u0107 na susz\u0119, choroby i trudne warunki glebowe powodowa\u0142y, \u017ce szczep Manaki by\u0142 uprawiany nim spopularyzowano nowoczesne techniki rolnicze. W Grecji oliwa Manaki jest nazywana s\u0142odk\u0105, gdy\u017c \u0142\u0105czy w sobie nut\u0119 \u015bwie\u017cych owoc\u00f3w i zi\u00f3\u0142 z lekk\u0105 pikantno\u015bci\u0105. Ma wyrazisty, aksamitny...","og_url":"http:\/\/mojagrecja.com.pl\/index.php\/oliwy-organiczne\/","og_site_name":"Moja Grecja","article_modified_time":"2025-08-08T06:03:07+00:00","og_image":[{"width":2048,"height":1536,"url":"http:\/\/mojagrecja.com.pl\/wp-content\/uploads\/2023\/03\/315375416_538793698255733_4112563638661850095_n.jpg","type":"image\/jpeg"}],"twitter_card":"summary_large_image","twitter_misc":{"Szacowany czas czytania":"3 minuty"},"schema":{"@context":"https:\/\/schema.org","@graph":[{"@type":"WebSite","@id":"http:\/\/mojagrecja.com.pl\/#website","url":"http:\/\/mojagrecja.com.pl\/","name":"Moja Grecja","description":"Moja Grecja Christian Arnidis przwodnik historyczny po Grecji kontynentalnej","potentialAction":[{"@type":"SearchAction","target":{"@type":"EntryPoint","urlTemplate":"http:\/\/mojagrecja.com.pl\/?s={search_term_string}"},"query-input":"required name=search_term_string"}],"inLanguage":"pl-PL"},{"@type":"ImageObject","@id":"http:\/\/mojagrecja.com.pl\/index.php\/oliwy-organiczne\/#primaryimage","inLanguage":"pl-PL","url":"http:\/\/mojagrecja.com.pl\/wp-content\/uploads\/2023\/03\/315375416_538793698255733_4112563638661850095_n.jpg","contentUrl":"http:\/\/mojagrecja.com.pl\/wp-content\/uploads\/2023\/03\/315375416_538793698255733_4112563638661850095_n.jpg","width":2048,"height":1536},{"@type":"WebPage","@id":"http:\/\/mojagrecja.com.pl\/index.php\/oliwy-organiczne\/#webpage","url":"http:\/\/mojagrecja.com.pl\/index.php\/oliwy-organiczne\/","name":"Oliwy Organiczne - Moja Grecja","isPartOf":{"@id":"http:\/\/mojagrecja.com.pl\/#website"},"primaryImageOfPage":{"@id":"http:\/\/mojagrecja.com.pl\/index.php\/oliwy-organiczne\/#primaryimage"},"datePublished":"2024-02-10T06:10:16+00:00","dateModified":"2025-08-08T06:03:07+00:00","breadcrumb":{"@id":"http:\/\/mojagrecja.com.pl\/index.php\/oliwy-organiczne\/#breadcrumb"},"inLanguage":"pl-PL","potentialAction":[{"@type":"ReadAction","target":["http:\/\/mojagrecja.com.pl\/index.php\/oliwy-organiczne\/"]}]},{"@type":"BreadcrumbList","@id":"http:\/\/mojagrecja.com.pl\/index.php\/oliwy-organiczne\/#breadcrumb","itemListElement":[{"@type":"ListItem","position":1,"name":"Strona g\u0142\u00f3wna","item":"http:\/\/mojagrecja.com.pl\/"},{"@type":"ListItem","position":2,"name":"Oliwy Organiczne"}]}]}},"_links":{"self":[{"href":"http:\/\/mojagrecja.com.pl\/index.php\/wp-json\/wp\/v2\/pages\/2180"}],"collection":[{"href":"http:\/\/mojagrecja.com.pl\/index.php\/wp-json\/wp\/v2\/pages"}],"about":[{"href":"http:\/\/mojagrecja.com.pl\/index.php\/wp-json\/wp\/v2\/types\/page"}],"author":[{"embeddable":true,"href":"http:\/\/mojagrecja.com.pl\/index.php\/wp-json\/wp\/v2\/users\/1"}],"replies":[{"embeddable":true,"href":"http:\/\/mojagrecja.com.pl\/index.php\/wp-json\/wp\/v2\/comments?post=2180"}],"version-history":[{"count":34,"href":"http:\/\/mojagrecja.com.pl\/index.php\/wp-json\/wp\/v2\/pages\/2180\/revisions"}],"predecessor-version":[{"id":2687,"href":"http:\/\/mojagrecja.com.pl\/index.php\/wp-json\/wp\/v2\/pages\/2180\/revisions\/2687"}],"wp:featuredmedia":[{"embeddable":true,"href":"http:\/\/mojagrecja.com.pl\/index.php\/wp-json\/wp\/v2\/media\/1597"}],"wp:attachment":[{"href":"http:\/\/mojagrecja.com.pl\/index.php\/wp-json\/wp\/v2\/media?parent=2180"}],"curies":[{"name":"wp","href":"https:\/\/api.w.org\/{rel}","templated":true}]}}